{"id":5653,"date":"2023-10-09T13:20:26","date_gmt":"2023-10-09T13:20:26","guid":{"rendered":"https:\/\/euamotrico.com.br\/loja\/?post_type=product&#038;p=5653"},"modified":"2024-01-30T12:24:28","modified_gmt":"2024-01-30T12:24:28","slug":"fio-aurora-2514","status":"publish","type":"product","link":"https:\/\/euamotrico.com.br\/loja\/produto\/fio-aurora-2514\/","title":{"rendered":"Fio Aurora 2514"},"content":{"rendered":"<h2 class=\"produto-detalhe__subtitulo\">DADOS T\u00c9CNICOS<\/h2>\n<div class=\"produto-detalhe__conteudo\">\n<p>&nbsp;<\/p>\n<div class=\"produto-detalhe__conteudo\">\n<p><strong>Composi\u00e7\u00e3o:\u00a0<\/strong>100% Poli\u00e9ster Regenerado<br \/>\n<strong>Metragem:\u00a0<\/strong>88 m<br \/>\n<strong>Tex:\u00a0<\/strong>1136<br \/>\n<strong>Agulha Recomendada:\u00a0<\/strong>Tric\u00f4 &#8211; 6,0 a 8,0mm | Croch\u00ea &#8211; 7,0 a 9,0mm<\/p>\n<\/div>\n<\/div>\n","protected":false},"excerpt":{"rendered":"<p>DADOS T\u00c9CNICOS &nbsp; Composi\u00e7\u00e3o:\u00a0100% Poli\u00e9ster Regenerado Metragem:\u00a088 m Tex:\u00a01136 Agulha Recomendada:\u00a0Tric\u00f4 &#8211; 6,0 a 8,0mm | Croch\u00ea &#8211; 7,0 a 9,0mm<\/p>\n","protected":false},"featured_media":5654,"comment_status":"open","ping_status":"closed","template":"","meta":[],"class_list":["post-5653","product","type-product","status-publish","has-post-thumbnail","hentry","product_cat-novelo","product_tag-novelo"],"jetpack_sharing_enabled":true,"_links":{"self":[{"href":"https:\/\/euamotrico.com.br\/loja\/wp-json\/wp\/v2\/product\/5653","targetHints":{"allow":["GET"]}}],"collection":[{"href":"https:\/\/euamotrico.com.br\/loja\/wp-json\/wp\/v2\/product"}],"about":[{"href":"https:\/\/euamotrico.com.br\/loja\/wp-json\/wp\/v2\/types\/product"}],"replies":[{"embeddable":true,"href":"https:\/\/euamotrico.com.br\/loja\/wp-json\/wp\/v2\/comments?post=5653"}],"version-history":[{"count":1,"href":"https:\/\/euamotrico.com.br\/loja\/wp-json\/wp\/v2\/product\/5653\/revisions"}],"predecessor-version":[{"id":5655,"href":"https:\/\/euamotrico.com.br\/loja\/wp-json\/wp\/v2\/product\/5653\/revisions\/5655"}],"wp:featuredmedia":[{"embeddable":true,"href":"https:\/\/euamotrico.com.br\/loja\/wp-json\/wp\/v2\/media\/5654"}],"wp:attachment":[{"href":"https:\/\/euamotrico.com.br\/loja\/wp-json\/wp\/v2\/media?parent=5653"}],"curies":[{"name":"wp","href":"https:\/\/api.w.org\/{rel}","templated":true}]}}