{"id":5656,"date":"2023-10-09T13:21:51","date_gmt":"2023-10-09T13:21:51","guid":{"rendered":"https:\/\/euamotrico.com.br\/loja\/?post_type=product&#038;p=5656"},"modified":"2024-01-30T12:24:20","modified_gmt":"2024-01-30T12:24:20","slug":"fio-happy-3457","status":"publish","type":"product","link":"https:\/\/euamotrico.com.br\/loja\/produto\/fio-happy-3457\/","title":{"rendered":"Fio Happy 3457"},"content":{"rendered":"<h2 class=\"produto-detalhe__subtitulo\">DADOS T\u00c9CNICOS<\/h2>\n<div class=\"produto-detalhe__conteudo\">\n<p>Fio Happy C\u00edrculo 100g<\/p>\n<p>Suave e com toque delicado, Happy \u00e9 a escolha certa para a confec\u00e7\u00e3o de pe\u00e7as que v\u00e3o levar todo o amor e carinho do handmade para o dia a dia de crian\u00e7as e adultos, com muito aconchego e conforto!<\/p>\n<p><b>Composi\u00e7\u00e3o:<\/b>\u00a0100% Acr\u00edlico<br \/>\n<b>Metragem:<\/b>\u00a0270 Metros<br \/>\n<b>TEX:<\/b>\u00a0370<br \/>\n<b>Agulha Recomendada:<\/b>\u00a0Tric\u00f4 &#8211; 3 a 5mm | Croch\u00ea &#8211; 2 a 4mm<\/p>\n<p><strong>Malha de Rendimento:<\/strong>\u00a030 cm x 84cm &#8211; Agulha de Tric\u00f4 &#8211; 4,5mm<\/p>\n<\/div>\n","protected":false},"excerpt":{"rendered":"<p>DADOS T\u00c9CNICOS Fio Happy C\u00edrculo 100g Suave e com toque delicado, Happy \u00e9 a escolha certa para a confec\u00e7\u00e3o de pe\u00e7as que v\u00e3o levar todo o amor e carinho do handmade para o dia a dia de crian\u00e7as e adultos, com muito aconchego e conforto! Composi\u00e7\u00e3o:\u00a0100% Acr\u00edlico Metragem:\u00a0270 Metros TEX:\u00a0370 Agulha Recomendada:\u00a0Tric\u00f4 &#8211; 3 a &hellip;<\/p>\n<p class=\"read-more\"> <a class=\"\" href=\"https:\/\/euamotrico.com.br\/loja\/produto\/fio-happy-3457\/\"> <span class=\"screen-reader-text\">Fio Happy 3457<\/span> Leia mais &raquo;<\/a><\/p>\n","protected":false},"featured_media":5657,"comment_status":"open","ping_status":"closed","template":"","meta":[],"class_list":["post-5656","product","type-product","status-publish","has-post-thumbnail","hentry","product_cat-novelo","product_tag-novelo"],"jetpack_sharing_enabled":true,"_links":{"self":[{"href":"https:\/\/euamotrico.com.br\/loja\/wp-json\/wp\/v2\/product\/5656","targetHints":{"allow":["GET"]}}],"collection":[{"href":"https:\/\/euamotrico.com.br\/loja\/wp-json\/wp\/v2\/product"}],"about":[{"href":"https:\/\/euamotrico.com.br\/loja\/wp-json\/wp\/v2\/types\/product"}],"replies":[{"embeddable":true,"href":"https:\/\/euamotrico.com.br\/loja\/wp-json\/wp\/v2\/comments?post=5656"}],"version-history":[{"count":1,"href":"https:\/\/euamotrico.com.br\/loja\/wp-json\/wp\/v2\/product\/5656\/revisions"}],"predecessor-version":[{"id":5658,"href":"https:\/\/euamotrico.com.br\/loja\/wp-json\/wp\/v2\/product\/5656\/revisions\/5658"}],"wp:featuredmedia":[{"embeddable":true,"href":"https:\/\/euamotrico.com.br\/loja\/wp-json\/wp\/v2\/media\/5657"}],"wp:attachment":[{"href":"https:\/\/euamotrico.com.br\/loja\/wp-json\/wp\/v2\/media?parent=5656"}],"curies":[{"name":"wp","href":"https:\/\/api.w.org\/{rel}","templated":true}]}}