{"id":5659,"date":"2023-10-09T13:23:48","date_gmt":"2023-10-09T13:23:48","guid":{"rendered":"https:\/\/euamotrico.com.br\/loja\/?post_type=product&#038;p=5659"},"modified":"2024-01-30T12:24:16","modified_gmt":"2024-01-30T12:24:16","slug":"fio-classic-pull-5469","status":"publish","type":"product","link":"https:\/\/euamotrico.com.br\/loja\/produto\/fio-classic-pull-5469\/","title":{"rendered":"Fio Classic Pull 5469"},"content":{"rendered":"<h2 class=\"produto-detalhe__subtitulo\">DADOS T\u00c9CNICOS<\/h2>\n<p>&nbsp;<\/p>\n<div class=\"produto-detalhe__conteudo\">\n<p>Fio Classic Pull 200g<\/p>\n<p>O Fio Classic Pull tem como especialidade sua maciez e al\u00e9m disso proporciona um conforto sem igual. Para esta temporada fria \u00e9 uma op\u00e7\u00e3o incr\u00edvel, tenha um inverno mais aconchegante e quentinho!<\/p>\n<p><strong>Composi\u00e7\u00e3o:\u00a0<\/strong>100% Acr\u00edlico<br \/>\n<strong>Metragem:\u00a0<\/strong>330 metros<br \/>\n<strong>Tex:\u00a0<\/strong>606<br \/>\n<strong>Agulha Recomendada:\u00a0<\/strong>Tric\u00f4 &#8211; 4,0 a 6,0 mm | Croch\u00ea &#8211; 3,5 a 5,5 mm<\/p>\n<\/div>\n","protected":false},"excerpt":{"rendered":"<p>DADOS T\u00c9CNICOS &nbsp; Fio Classic Pull 200g O Fio Classic Pull tem como especialidade sua maciez e al\u00e9m disso proporciona um conforto sem igual. Para esta temporada fria \u00e9 uma op\u00e7\u00e3o incr\u00edvel, tenha um inverno mais aconchegante e quentinho! Composi\u00e7\u00e3o:\u00a0100% Acr\u00edlico Metragem:\u00a0330 metros Tex:\u00a0606 Agulha Recomendada:\u00a0Tric\u00f4 &#8211; 4,0 a 6,0 mm | Croch\u00ea &#8211; 3,5 &hellip;<\/p>\n<p class=\"read-more\"> <a class=\"\" href=\"https:\/\/euamotrico.com.br\/loja\/produto\/fio-classic-pull-5469\/\"> <span class=\"screen-reader-text\">Fio Classic Pull 5469<\/span> Leia mais &raquo;<\/a><\/p>\n","protected":false},"featured_media":5660,"comment_status":"open","ping_status":"closed","template":"","meta":[],"class_list":["post-5659","product","type-product","status-publish","has-post-thumbnail","hentry","product_cat-novelo","product_tag-novelo"],"jetpack_sharing_enabled":true,"_links":{"self":[{"href":"https:\/\/euamotrico.com.br\/loja\/wp-json\/wp\/v2\/product\/5659","targetHints":{"allow":["GET"]}}],"collection":[{"href":"https:\/\/euamotrico.com.br\/loja\/wp-json\/wp\/v2\/product"}],"about":[{"href":"https:\/\/euamotrico.com.br\/loja\/wp-json\/wp\/v2\/types\/product"}],"replies":[{"embeddable":true,"href":"https:\/\/euamotrico.com.br\/loja\/wp-json\/wp\/v2\/comments?post=5659"}],"version-history":[{"count":1,"href":"https:\/\/euamotrico.com.br\/loja\/wp-json\/wp\/v2\/product\/5659\/revisions"}],"predecessor-version":[{"id":5661,"href":"https:\/\/euamotrico.com.br\/loja\/wp-json\/wp\/v2\/product\/5659\/revisions\/5661"}],"wp:featuredmedia":[{"embeddable":true,"href":"https:\/\/euamotrico.com.br\/loja\/wp-json\/wp\/v2\/media\/5660"}],"wp:attachment":[{"href":"https:\/\/euamotrico.com.br\/loja\/wp-json\/wp\/v2\/media?parent=5659"}],"curies":[{"name":"wp","href":"https:\/\/api.w.org\/{rel}","templated":true}]}}