{"id":5756,"date":"2024-03-21T14:18:44","date_gmt":"2024-03-21T14:18:44","guid":{"rendered":"https:\/\/euamotrico.com.br\/loja\/?post_type=product&#038;p=5756"},"modified":"2025-09-09T23:28:39","modified_gmt":"2025-09-09T23:28:39","slug":"308-colete-vermelho-tamanho-g","status":"publish","type":"product","link":"https:\/\/euamotrico.com.br\/loja\/produto\/308-colete-vermelho-tamanho-g\/","title":{"rendered":"#308 &#8211; Colete Vermelho Tamanho G"},"content":{"rendered":"<p>Aqui voc\u00ea encontra o PDF desta receita. A receita inclui lista de materiais para inverno e ver\u00e3o, amostra, fotos, medidas com um desenho e carreiras descritas uma por uma para a execu\u00e7\u00e3o da pe\u00e7a (n\u00e3o tem gr\u00e1fico do ponto, ele \u00e9 descrito carreira por carreira). \u00c9 uma pe\u00e7a para n\u00edvel iniciante no tric\u00f4 portanto conhecer os pontos b\u00e1sicos, tran\u00e7as e t\u00e9cnicas no tric\u00f4 facilita a compreens\u00e3o da receita escrita.<\/p>\n<p>Ao comprar, voc\u00ea tem acesso ao local de download do arquivo em PDF dispon\u00edvel aqui no site.<\/p>\n<p>Para baixar a receita ap\u00f3s comprar:<br \/>\n1. Entre na loja com seu cadastro.<br \/>\n2. Clique em Minha Conta no menu superior.<br \/>\n3. Clique em Download (3\u00aa op\u00e7\u00e3o no menu \u00e0 esquerda).<\/p>\n<p>Este produto \u00e9 digital, ap\u00f3s sua compra, <strong>n\u00e3o aceitamos trocas ou devolu\u00e7\u00f5es<\/strong>. Qualquer d\u00favida entre em contato por: loja@euamotrico.com.br<\/p>\n<p>\u2764<\/p>\n","protected":false},"excerpt":{"rendered":"<p>Aqui voc\u00ea encontra o PDF desta receita de tric\u00f4.<\/p>\n","protected":false},"featured_media":5731,"comment_status":"open","ping_status":"closed","template":"","meta":[],"class_list":["post-5756","product","type-product","status-publish","has-post-thumbnail","hentry","product_cat-pecas-para-adultos","product_cat-receita-de-trico","product_cat-receitas-escritas","product_tag-colete"],"jetpack_sharing_enabled":true,"_links":{"self":[{"href":"https:\/\/euamotrico.com.br\/loja\/wp-json\/wp\/v2\/product\/5756","targetHints":{"allow":["GET"]}}],"collection":[{"href":"https:\/\/euamotrico.com.br\/loja\/wp-json\/wp\/v2\/product"}],"about":[{"href":"https:\/\/euamotrico.com.br\/loja\/wp-json\/wp\/v2\/types\/product"}],"replies":[{"embeddable":true,"href":"https:\/\/euamotrico.com.br\/loja\/wp-json\/wp\/v2\/comments?post=5756"}],"version-history":[{"count":3,"href":"https:\/\/euamotrico.com.br\/loja\/wp-json\/wp\/v2\/product\/5756\/revisions"}],"predecessor-version":[{"id":5761,"href":"https:\/\/euamotrico.com.br\/loja\/wp-json\/wp\/v2\/product\/5756\/revisions\/5761"}],"wp:featuredmedia":[{"embeddable":true,"href":"https:\/\/euamotrico.com.br\/loja\/wp-json\/wp\/v2\/media\/5731"}],"wp:attachment":[{"href":"https:\/\/euamotrico.com.br\/loja\/wp-json\/wp\/v2\/media?parent=5756"}],"curies":[{"name":"wp","href":"https:\/\/api.w.org\/{rel}","templated":true}]}}