{"id":6264,"date":"2026-01-06T19:57:55","date_gmt":"2026-01-06T19:57:55","guid":{"rendered":"https:\/\/euamotrico.com.br\/loja\/?post_type=product&#038;p=6264"},"modified":"2026-01-08T12:27:41","modified_gmt":"2026-01-08T12:27:41","slug":"pdf-do-planner-2026-para-impressao","status":"publish","type":"product","link":"https:\/\/euamotrico.com.br\/loja\/produto\/pdf-do-planner-2026-para-impressao\/","title":{"rendered":"PDF do Planner 2026 Para Impress\u00e3o"},"content":{"rendered":"<p><strong>ATEN\u00c7\u00c3O VOC\u00ca EST\u00c1 COMPRANDO O ARQUIVO PARA LEVAR EM UMA GR\u00c1FICA E IMPRIMIR<\/strong> ou imprimir em casa o meu planner 2026. <strong>VOC\u00ca N\u00c3O EST\u00c1 COMPRANDO O PLANNER F\u00cdSICO\/IMPRESSO<\/strong>. Qualquer d\u00favida, por favor envie-me pelo whatsapp: 62 9 8236-3289<\/p>\n<p><strong>Esse arquivo possui:<\/strong> 150 p\u00e1ginas<\/p>\n<p><strong>Tamanho:<\/strong> 63,8 MB (66.980.557 bytes)<\/p>\n<p><strong>Tipo:<\/strong> Microsoft Edge PDF<\/p>\n<p><strong>V\u00eddeo com detalhes por dentro:<\/strong> <a href=\"https:\/\/youtu.be\/0rpwYSZ6gZU?si=zuazUdpc85efGxX0\">https:\/\/youtu.be\/0rpwYSZ6gZU?si=zuazUdpc85efGxX0<\/a><\/p>\n","protected":false},"excerpt":{"rendered":"<p>ATEN\u00c7\u00c3O VOC\u00ca EST\u00c1 COMPRANDO O ARQUIVO PARA LEVAR EM UMA GR\u00c1FICA E IMPRIMIR ou imprimir em casa o meu planner 2026. VOC\u00ca N\u00c3O EST\u00c1 COMPRANDO O PLANNER F\u00cdSICO\/IMPRESSO. Qualquer d\u00favida, por favor envie-me pelo whatsapp: 62 9 8236-3289 Esse arquivo possui: 150 p\u00e1ginas Tamanho: 63,8 MB (66.980.557 bytes) Tipo: Microsoft Edge PDF V\u00eddeo com detalhes &hellip;<\/p>\n<p class=\"read-more\"> <a class=\"\" href=\"https:\/\/euamotrico.com.br\/loja\/produto\/pdf-do-planner-2026-para-impressao\/\"> <span class=\"screen-reader-text\">PDF do Planner 2026 Para Impress\u00e3o<\/span> Leia mais &raquo;<\/a><\/p>\n","protected":false},"featured_media":6265,"comment_status":"open","ping_status":"closed","template":"","meta":[],"class_list":["post-6264","product","type-product","status-publish","has-post-thumbnail","hentry","product_cat-souvenirs","product_tag-diversas","product_tag-planner"],"jetpack_sharing_enabled":true,"_links":{"self":[{"href":"https:\/\/euamotrico.com.br\/loja\/wp-json\/wp\/v2\/product\/6264","targetHints":{"allow":["GET"]}}],"collection":[{"href":"https:\/\/euamotrico.com.br\/loja\/wp-json\/wp\/v2\/product"}],"about":[{"href":"https:\/\/euamotrico.com.br\/loja\/wp-json\/wp\/v2\/types\/product"}],"replies":[{"embeddable":true,"href":"https:\/\/euamotrico.com.br\/loja\/wp-json\/wp\/v2\/comments?post=6264"}],"version-history":[{"count":3,"href":"https:\/\/euamotrico.com.br\/loja\/wp-json\/wp\/v2\/product\/6264\/revisions"}],"predecessor-version":[{"id":6273,"href":"https:\/\/euamotrico.com.br\/loja\/wp-json\/wp\/v2\/product\/6264\/revisions\/6273"}],"wp:featuredmedia":[{"embeddable":true,"href":"https:\/\/euamotrico.com.br\/loja\/wp-json\/wp\/v2\/media\/6265"}],"wp:attachment":[{"href":"https:\/\/euamotrico.com.br\/loja\/wp-json\/wp\/v2\/media?parent=6264"}],"curies":[{"name":"wp","href":"https:\/\/api.w.org\/{rel}","templated":true}]}}