{"id":6348,"date":"2026-04-01T01:09:58","date_gmt":"2026-04-01T01:09:58","guid":{"rendered":"https:\/\/euamotrico.com.br\/loja\/?post_type=product&#038;p=6348"},"modified":"2026-04-01T01:17:50","modified_gmt":"2026-04-01T01:17:50","slug":"381-blusa-lolita-g","status":"publish","type":"product","link":"https:\/\/euamotrico.com.br\/loja\/produto\/381-blusa-lolita-g\/","title":{"rendered":"#381 &#8211; Blusa Lolita Adulto G"},"content":{"rendered":"<p><strong>Aten\u00e7\u00e3o: se voc\u00ea deseja comprar o PDF desta receita por PIX atrav\u00e9s do whatsapp basta me mandar um oi.<\/strong><\/p>\n<p>Meu contato:\u00a0 (62) 9 8236-3289<\/p>\n<p>Aqui voc\u00ea encontra o PDF desta receita. A receita inclui lista de materiais para inverno e ver\u00e3o, amostra, fotos, e carreiras descritas uma por uma para a execu\u00e7\u00e3o da pe\u00e7a (n\u00e3o tem gr\u00e1fico do ponto, ele \u00e9 descrito carreira por carreira). \u00c9 uma pe\u00e7a para n\u00edvel intermedi\u00e1rio no tric\u00f4 portanto conhecer os pontos b\u00e1sicos, tran\u00e7as e t\u00e9cnicas no tric\u00f4 facilita a compreens\u00e3o da receita escrita.<\/p>\n<p>Ao comprar, voc\u00ea tem acesso ao local de download do arquivo em PDF dispon\u00edvel aqui no site.<\/p>\n<p>Para baixar a receita ap\u00f3s comprar:<br \/>\n1. Entre na loja com seu cadastro.<br \/>\n2. Clique em Minha Conta no menu superior.<br \/>\n3. Clique em Download (3\u00aa op\u00e7\u00e3o no menu \u00e0 esquerda).<\/p>\n<p>Este produto \u00e9 digital, ap\u00f3s sua compra, <strong>n\u00e3o aceitamos trocas ou devolu\u00e7\u00f5es<\/strong>. Qualquer d\u00favida entre em contato por: loja@euamotrico.com.br<\/p>\n<p>\u2764<\/p>\n","protected":false},"excerpt":{"rendered":"<p>Aqui voc\u00ea encontra o PDF desta receita de tric\u00f4.<\/p>\n","protected":false},"featured_media":6349,"comment_status":"open","ping_status":"closed","template":"","meta":[],"class_list":["post-6348","product","type-product","status-publish","has-post-thumbnail","hentry","product_cat-pecas-para-adultos","product_cat-receita-de-trico","product_cat-receitas-escritas","product_tag-blusa","product_tag-pecas-para-adultos","product_tag-receitas-escritas","product_tag-verao"],"jetpack_sharing_enabled":true,"_links":{"self":[{"href":"https:\/\/euamotrico.com.br\/loja\/wp-json\/wp\/v2\/product\/6348","targetHints":{"allow":["GET"]}}],"collection":[{"href":"https:\/\/euamotrico.com.br\/loja\/wp-json\/wp\/v2\/product"}],"about":[{"href":"https:\/\/euamotrico.com.br\/loja\/wp-json\/wp\/v2\/types\/product"}],"replies":[{"embeddable":true,"href":"https:\/\/euamotrico.com.br\/loja\/wp-json\/wp\/v2\/comments?post=6348"}],"version-history":[{"count":1,"href":"https:\/\/euamotrico.com.br\/loja\/wp-json\/wp\/v2\/product\/6348\/revisions"}],"predecessor-version":[{"id":6351,"href":"https:\/\/euamotrico.com.br\/loja\/wp-json\/wp\/v2\/product\/6348\/revisions\/6351"}],"wp:featuredmedia":[{"embeddable":true,"href":"https:\/\/euamotrico.com.br\/loja\/wp-json\/wp\/v2\/media\/6349"}],"wp:attachment":[{"href":"https:\/\/euamotrico.com.br\/loja\/wp-json\/wp\/v2\/media?parent=6348"}],"curies":[{"name":"wp","href":"https:\/\/api.w.org\/{rel}","templated":true}]}}