{"id":6404,"date":"2026-04-25T18:21:21","date_gmt":"2026-04-25T18:21:21","guid":{"rendered":"https:\/\/euamotrico.com.br\/loja\/?post_type=product&#038;p=6404"},"modified":"2026-04-25T18:22:31","modified_gmt":"2026-04-25T18:22:31","slug":"3","status":"publish","type":"product","link":"https:\/\/euamotrico.com.br\/loja\/produto\/3\/","title":{"rendered":"#3"},"content":{"rendered":"<p>Para comprar por whatsapp envie mensagem para: (62) 9 8236-3289<\/p>\n<p>Ao comprar voc\u00ea receber\u00e1 em seu e-mail o PDF do tamanho definido nesta compra e outro e-mail com o convite para ver o v\u00eddeo no Youtube (\u00e9 um v\u00eddeo fechado apenas para convidados).<\/p>\n<p>Qualquer d\u00favida, por favor entre em contato.<\/p>\n","protected":false},"excerpt":{"rendered":"<p>Para comprar por whatsapp envie mensagem para: (62) 9 8236-3289 Ao comprar voc\u00ea receber\u00e1 em seu e-mail o PDF do tamanho definido nesta compra e outro e-mail com o convite para ver o v\u00eddeo no Youtube (\u00e9 um v\u00eddeo fechado apenas para convidados). Qualquer d\u00favida, por favor entre em contato.<\/p>\n","protected":false},"featured_media":6405,"comment_status":"open","ping_status":"closed","template":"","meta":[],"class_list":["post-6404","product","type-product","status-publish","has-post-thumbnail","hentry","product_cat-receitas-com-videos","product_tag-pdf-video"],"jetpack_sharing_enabled":true,"_links":{"self":[{"href":"https:\/\/euamotrico.com.br\/loja\/wp-json\/wp\/v2\/product\/6404","targetHints":{"allow":["GET"]}}],"collection":[{"href":"https:\/\/euamotrico.com.br\/loja\/wp-json\/wp\/v2\/product"}],"about":[{"href":"https:\/\/euamotrico.com.br\/loja\/wp-json\/wp\/v2\/types\/product"}],"replies":[{"embeddable":true,"href":"https:\/\/euamotrico.com.br\/loja\/wp-json\/wp\/v2\/comments?post=6404"}],"version-history":[{"count":1,"href":"https:\/\/euamotrico.com.br\/loja\/wp-json\/wp\/v2\/product\/6404\/revisions"}],"predecessor-version":[{"id":6406,"href":"https:\/\/euamotrico.com.br\/loja\/wp-json\/wp\/v2\/product\/6404\/revisions\/6406"}],"wp:featuredmedia":[{"embeddable":true,"href":"https:\/\/euamotrico.com.br\/loja\/wp-json\/wp\/v2\/media\/6405"}],"wp:attachment":[{"href":"https:\/\/euamotrico.com.br\/loja\/wp-json\/wp\/v2\/media?parent=6404"}],"curies":[{"name":"wp","href":"https:\/\/api.w.org\/{rel}","templated":true}]}}