{"id":6454,"date":"2026-04-25T21:15:17","date_gmt":"2026-04-25T21:15:17","guid":{"rendered":"https:\/\/euamotrico.com.br\/loja\/?post_type=product&#038;p=6454"},"modified":"2026-04-25T21:16:01","modified_gmt":"2026-04-25T21:16:01","slug":"28","status":"publish","type":"product","link":"https:\/\/euamotrico.com.br\/loja\/produto\/28\/","title":{"rendered":"#28"},"content":{"rendered":"<p>Para comprar por whatsapp envie mensagem para: (62) 9 8236-3289<\/p>\n<p>Ao comprar voc\u00ea receber\u00e1 em seu e-mail o PDF do tamanho definido nesta compra e outro e-mail com o convite para ver o v\u00eddeo no Youtube (\u00e9 um v\u00eddeo fechado apenas para convidados).<\/p>\n<p>Qualquer d\u00favida, por favor entre em contato.<\/p>\n","protected":false},"excerpt":{"rendered":"<p>Para comprar por whatsapp envie mensagem para: (62) 9 8236-3289 Ao comprar voc\u00ea receber\u00e1 em seu e-mail o PDF do tamanho definido nesta compra e outro e-mail com o convite para ver o v\u00eddeo no Youtube (\u00e9 um v\u00eddeo fechado apenas para convidados). Qualquer d\u00favida, por favor entre em contato.<\/p>\n","protected":false},"featured_media":6455,"comment_status":"open","ping_status":"closed","template":"","meta":[],"class_list":["post-6454","product","type-product","status-publish","has-post-thumbnail","hentry","product_cat-receitas-com-videos","product_tag-pdf-video"],"jetpack_sharing_enabled":true,"_links":{"self":[{"href":"https:\/\/euamotrico.com.br\/loja\/wp-json\/wp\/v2\/product\/6454","targetHints":{"allow":["GET"]}}],"collection":[{"href":"https:\/\/euamotrico.com.br\/loja\/wp-json\/wp\/v2\/product"}],"about":[{"href":"https:\/\/euamotrico.com.br\/loja\/wp-json\/wp\/v2\/types\/product"}],"replies":[{"embeddable":true,"href":"https:\/\/euamotrico.com.br\/loja\/wp-json\/wp\/v2\/comments?post=6454"}],"version-history":[{"count":1,"href":"https:\/\/euamotrico.com.br\/loja\/wp-json\/wp\/v2\/product\/6454\/revisions"}],"predecessor-version":[{"id":6456,"href":"https:\/\/euamotrico.com.br\/loja\/wp-json\/wp\/v2\/product\/6454\/revisions\/6456"}],"wp:featuredmedia":[{"embeddable":true,"href":"https:\/\/euamotrico.com.br\/loja\/wp-json\/wp\/v2\/media\/6455"}],"wp:attachment":[{"href":"https:\/\/euamotrico.com.br\/loja\/wp-json\/wp\/v2\/media?parent=6454"}],"curies":[{"name":"wp","href":"https:\/\/api.w.org\/{rel}","templated":true}]}}